{"id":10,"date":"2022-01-08T23:11:46","date_gmt":"2022-01-08T22:11:46","guid":{"rendered":"https:\/\/create-with-wp.com\/?page_id=10"},"modified":"2025-02-20T08:17:34","modified_gmt":"2025-02-20T07:17:34","slug":"impressum","status":"publish","type":"page","link":"https:\/\/create-with-wp.com\/de\/impressum\/","title":{"rendered":"Impressum"},"content":{"rendered":"<h1>Impressum<\/h1>\n<h2>Angaben gem\u00e4\u00df \u00a7 5 TMG<\/h2>\n<p>Dirk Haensch<br \/>\nSparkway<br \/>\nStargarder Stra\u00dfe 53<br \/>\n10437 Berlin<\/p>\n<h2>Kontakt<\/h2>\n<p>Telefon: 0151\/10656688 (kein Support)<br \/>\nE-Mail: write@sparkway.de<\/p>\n<h2>Redaktionell verantwortlich<\/h2>\n<p>Dirk Haensch<br \/>\nStargarder Stra\u00dfe 53<br \/>\n10437 Berlin<\/p>\n<h2>Webmaster<\/h2>\n<p>Gestaltung und Layout <a href=\"https:\/\/sparkway-media.de\/\" target=\"_blank\" rel=\"noopener\">www.sparkway-media.de<\/a><br \/>\nBei Fragen oder fehlerhaften Angaben wenden Sie sich bitte an den Webmaster.<\/p>\n<h2>Urheberrechte<\/h2>\n<p><strong>Eigene Bilder und Texte:<\/strong> Die auf dieser Webseite verwendeten Texte, Bilder und Grafiken die von <strong><em>Sparkway<\/em>\u00a0<\/strong>selbst erstellt wurden, sind urheberrechtlich gesch\u00fctzt und d\u00fcrfen ohne vorherige schriftliche Genehmigung durch den Urheber nicht vervielf\u00e4ltigt, ver\u00e4ndert, \u00fcbertragen, ver\u00f6ffentlicht oder in anderer Weise verwendet werden.<\/p>\n<p><strong>Bilder von Drittanbietern:<\/strong> Alle Grafiken, die von <a href=\"https:\/\/de.freepik.com\/\" target=\"_blank\" rel=\"noopener\">Freepik.com<\/a> kommen, sind durch den Premium-Account Jahresplan lizenziert. Bilder die von <a href=\"https:\/\/pixabay.com\/de\/\" target=\"_blank\" rel=\"noopener\">Pixabay<\/a>, <a href=\"https:\/\/www.pexels.com\/de-de\/\" target=\"_blank\" rel=\"noopener\">Pexels<\/a>und <a href=\"https:\/\/unsplash.com\/de\" target=\"_blank\" rel=\"noopener\">Unsplash<\/a>\u00a0stammen, sind lizenzfrei und unterliegen den Bedingungen der jeweiligen Plattformen.<\/p>\n<h2>EU-Streitschlichtung<\/h2>\n<p>Die Europ\u00e4ische Kommission stellt eine Plattform zur Online-Streitbeilegung (OS) bereit: <a href=\"https:\/\/ec.europa.eu\/consumers\/odr\/\" target=\"_blank\" rel=\"noopener noreferrer\">https:\/\/ec.europa.eu\/consumers\/odr\/<\/a>.<br \/>\nUnsere E-Mail-Adresse finden Sie oben im Impressum.<\/p>\n<h2>Verbraucherstreitbeilegung\/Universalschlichtungsstelle<\/h2>\n<p>Wir sind nicht bereit oder verpflichtet, an Streitbeilegungsverfahren vor einer Verbraucherschlichtungsstelle teilzunehmen.<\/p>","protected":false},"excerpt":{"rendered":"<p>Impressum Angaben gem\u00e4\u00df \u00a7 5 TMG Dirk Haensch Sparkway Stargarder Stra\u00dfe 53 10437 Berlin Kontakt Telefon: 0151\/10656688 (kein Support) E-Mail: write@sparkway.de Redaktionell verantwortlich Dirk Haensch Stargarder Stra\u00dfe 53 10437 Berlin Webmaster Design und Layout www.sparkway-media.de Bei Fragen oder fehlerhaften Angaben bitte an den Webmaster wenden. Urheberrechte Eigene Bilder und Texte: Die auf dieser Webseite verwendeten [&hellip;]<\/p>\n","protected":false},"author":1,"featured_media":0,"parent":0,"menu_order":0,"comment_status":"closed","ping_status":"closed","template":"","meta":{"footnotes":""},"class_list":["post-10","page","type-page","status-publish","hentry","has-post-title","has-post-date","has-post-category","has-post-tag","has-post-comment","has-post-author",""],"yoast_head":"<!-- This site is optimized with the Yoast SEO plugin v27.4 - https:\/\/yoast.com\/product\/yoast-seo-wordpress\/ -->\n<title>Impressum - Create with Wordpress<\/title>\n<meta name=\"robots\" content=\"index, follow, max-snippet:-1, max-image-preview:large, max-video-preview:-1\" \/>\n<link rel=\"canonical\" href=\"https:\/\/create-with-wp.com\/de\/impressum\/\" \/>\n<meta property=\"og:locale\" content=\"de_DE\" \/>\n<meta property=\"og:type\" content=\"article\" \/>\n<meta property=\"og:title\" content=\"Impressum - Create with Wordpress\" \/>\n<meta property=\"og:description\" content=\"Impressum Angaben gem\u00e4\u00df \u00a7 5 TMG Dirk Haensch Sparkway Stargarder Stra\u00dfe 53 10437 Berlin Kontakt Telefon: 0151\/10656688 (kein Support) E-Mail: write@sparkway.de Redaktionell verantwortlich Dirk Haensch Stargarder Stra\u00dfe 53 10437 Berlin Webmaster Design und Layout www.sparkway-media.de Bei Fragen oder fehlerhaften Angaben bitte an den Webmaster wenden. Urheberrechte Eigene Bilder und Texte: Die auf dieser Webseite verwendeten [&hellip;]\" \/>\n<meta property=\"og:url\" content=\"https:\/\/create-with-wp.com\/de\/impressum\/\" \/>\n<meta property=\"og:site_name\" content=\"Create with Wordpress\" \/>\n<meta property=\"article:modified_time\" content=\"2025-02-20T07:17:34+00:00\" \/>\n<meta property=\"og:image\" content=\"https:\/\/create-with-wp.com\/wp-content\/uploads\/2024\/02\/Profilbild-Themify-quer-small.png\" \/>\n\t<meta property=\"og:image:width\" content=\"591\" \/>\n\t<meta property=\"og:image:height\" content=\"324\" \/>\n\t<meta property=\"og:image:type\" content=\"image\/png\" \/>\n<meta name=\"twitter:card\" content=\"summary_large_image\" \/>\n<meta name=\"twitter:label1\" content=\"Gesch\u00e4tzte Lesezeit\" \/>\n\t<meta name=\"twitter:data1\" content=\"1\u00a0Minute\" \/>\n<script type=\"application\/ld+json\" class=\"yoast-schema-graph\">{\"@context\":\"https:\\\/\\\/schema.org\",\"@graph\":[{\"@type\":\"WebPage\",\"@id\":\"https:\\\/\\\/create-with-wp.com\\\/en\\\/impressum\\\/\",\"url\":\"https:\\\/\\\/create-with-wp.com\\\/en\\\/impressum\\\/\",\"name\":\"Impressum - Create with Wordpress\",\"isPartOf\":{\"@id\":\"https:\\\/\\\/create-with-wp.com\\\/en\\\/#website\"},\"datePublished\":\"2022-01-08T22:11:46+00:00\",\"dateModified\":\"2025-02-20T07:17:34+00:00\",\"breadcrumb\":{\"@id\":\"https:\\\/\\\/create-with-wp.com\\\/en\\\/impressum\\\/#breadcrumb\"},\"inLanguage\":\"de\",\"potentialAction\":[{\"@type\":\"ReadAction\",\"target\":[\"https:\\\/\\\/create-with-wp.com\\\/en\\\/impressum\\\/\"]}]},{\"@type\":\"BreadcrumbList\",\"@id\":\"https:\\\/\\\/create-with-wp.com\\\/en\\\/impressum\\\/#breadcrumb\",\"itemListElement\":[{\"@type\":\"ListItem\",\"position\":1,\"name\":\"Startseite\",\"item\":\"https:\\\/\\\/create-with-wp.com\\\/en\\\/\"},{\"@type\":\"ListItem\",\"position\":2,\"name\":\"Impressum\"}]},{\"@type\":\"WebSite\",\"@id\":\"https:\\\/\\\/create-with-wp.com\\\/en\\\/#website\",\"url\":\"https:\\\/\\\/create-with-wp.com\\\/en\\\/\",\"name\":\"Create with Wordpress\",\"description\":\"Best Wordpress Theme\",\"publisher\":{\"@id\":\"https:\\\/\\\/create-with-wp.com\\\/en\\\/#organization\"},\"potentialAction\":[{\"@type\":\"SearchAction\",\"target\":{\"@type\":\"EntryPoint\",\"urlTemplate\":\"https:\\\/\\\/create-with-wp.com\\\/en\\\/?s={search_term_string}\"},\"query-input\":{\"@type\":\"PropertyValueSpecification\",\"valueRequired\":true,\"valueName\":\"search_term_string\"}}],\"inLanguage\":\"de\"},{\"@type\":\"Organization\",\"@id\":\"https:\\\/\\\/create-with-wp.com\\\/en\\\/#organization\",\"name\":\"Sparkway\",\"url\":\"https:\\\/\\\/create-with-wp.com\\\/en\\\/\",\"logo\":{\"@type\":\"ImageObject\",\"inLanguage\":\"de\",\"@id\":\"https:\\\/\\\/create-with-wp.com\\\/en\\\/#\\\/schema\\\/logo\\\/image\\\/\",\"url\":\"https:\\\/\\\/create-with-wp.com\\\/wp-content\\\/uploads\\\/2023\\\/05\\\/Sparkway-Inspire-Logo-800px.png\",\"contentUrl\":\"https:\\\/\\\/create-with-wp.com\\\/wp-content\\\/uploads\\\/2023\\\/05\\\/Sparkway-Inspire-Logo-800px.png\",\"width\":800,\"height\":189,\"caption\":\"Sparkway\"},\"image\":{\"@id\":\"https:\\\/\\\/create-with-wp.com\\\/en\\\/#\\\/schema\\\/logo\\\/image\\\/\"}}]}<\/script>\n<!-- \/ Yoast SEO plugin. -->","yoast_head_json":{"title":"Impressum - Erstellen mit Wordpress","robots":{"index":"index","follow":"follow","max-snippet":"max-snippet:-1","max-image-preview":"max-image-preview:large","max-video-preview":"max-video-preview:-1"},"canonical":"https:\/\/create-with-wp.com\/de\/impressum\/","og_locale":"de_DE","og_type":"article","og_title":"Impressum - Create with Wordpress","og_description":"Impressum Angaben gem\u00e4\u00df \u00a7 5 TMG Dirk Haensch Sparkway Stargarder Stra\u00dfe 53 10437 Berlin Kontakt Telefon: 0151\/10656688 (kein Support) E-Mail: write@sparkway.de Redaktionell verantwortlich Dirk Haensch Stargarder Stra\u00dfe 53 10437 Berlin Webmaster Design und Layout www.sparkway-media.de Bei Fragen oder fehlerhaften Angaben bitte an den Webmaster wenden. Urheberrechte Eigene Bilder und Texte: Die auf dieser Webseite verwendeten [&hellip;]","og_url":"https:\/\/create-with-wp.com\/de\/impressum\/","og_site_name":"Create with Wordpress","article_modified_time":"2025-02-20T07:17:34+00:00","og_image":[{"width":591,"height":324,"url":"https:\/\/create-with-wp.com\/wp-content\/uploads\/2024\/02\/Profilbild-Themify-quer-small.png","type":"image\/png"}],"twitter_card":"summary_large_image","twitter_misc":{"Gesch\u00e4tzte Lesezeit":"1\u00a0Minute"},"schema":{"@context":"https:\/\/schema.org","@graph":[{"@type":"WebPage","@id":"https:\/\/create-with-wp.com\/en\/impressum\/","url":"https:\/\/create-with-wp.com\/en\/impressum\/","name":"Impressum - Erstellen mit Wordpress","isPartOf":{"@id":"https:\/\/create-with-wp.com\/en\/#website"},"datePublished":"2022-01-08T22:11:46+00:00","dateModified":"2025-02-20T07:17:34+00:00","breadcrumb":{"@id":"https:\/\/create-with-wp.com\/en\/impressum\/#breadcrumb"},"inLanguage":"de","potentialAction":[{"@type":"ReadAction","target":["https:\/\/create-with-wp.com\/en\/impressum\/"]}]},{"@type":"BreadcrumbList","@id":"https:\/\/create-with-wp.com\/en\/impressum\/#breadcrumb","itemListElement":[{"@type":"ListItem","position":1,"name":"Startseite","item":"https:\/\/create-with-wp.com\/en\/"},{"@type":"ListItem","position":2,"name":"Impressum"}]},{"@type":"WebSite","@id":"https:\/\/create-with-wp.com\/en\/#website","url":"https:\/\/create-with-wp.com\/en\/","name":"Erstellen mit Wordpress","description":"Bestes Wordpress Theme","publisher":{"@id":"https:\/\/create-with-wp.com\/en\/#organization"},"potentialAction":[{"@type":"SearchAction","target":{"@type":"EntryPoint","urlTemplate":"https:\/\/create-with-wp.com\/en\/?s={search_term_string}"},"query-input":{"@type":"PropertyValueSpecification","valueRequired":true,"valueName":"search_term_string"}}],"inLanguage":"de"},{"@type":"Organization","@id":"https:\/\/create-with-wp.com\/en\/#organization","name":"Sparkway","url":"https:\/\/create-with-wp.com\/en\/","logo":{"@type":"ImageObject","inLanguage":"de","@id":"https:\/\/create-with-wp.com\/en\/#\/schema\/logo\/image\/","url":"https:\/\/create-with-wp.com\/wp-content\/uploads\/2023\/05\/Sparkway-Inspire-Logo-800px.png","contentUrl":"https:\/\/create-with-wp.com\/wp-content\/uploads\/2023\/05\/Sparkway-Inspire-Logo-800px.png","width":800,"height":189,"caption":"Sparkway"},"image":{"@id":"https:\/\/create-with-wp.com\/en\/#\/schema\/logo\/image\/"}}]}},"_links":{"self":[{"href":"https:\/\/create-with-wp.com\/de\/wp-json\/wp\/v2\/pages\/10","targetHints":{"allow":["GET"]}}],"collection":[{"href":"https:\/\/create-with-wp.com\/de\/wp-json\/wp\/v2\/pages"}],"about":[{"href":"https:\/\/create-with-wp.com\/de\/wp-json\/wp\/v2\/types\/page"}],"author":[{"embeddable":true,"href":"https:\/\/create-with-wp.com\/de\/wp-json\/wp\/v2\/users\/1"}],"replies":[{"embeddable":true,"href":"https:\/\/create-with-wp.com\/de\/wp-json\/wp\/v2\/comments?post=10"}],"version-history":[{"count":0,"href":"https:\/\/create-with-wp.com\/de\/wp-json\/wp\/v2\/pages\/10\/revisions"}],"wp:attachment":[{"href":"https:\/\/create-with-wp.com\/de\/wp-json\/wp\/v2\/media?parent=10"}],"curies":[{"name":"wp","href":"https:\/\/api.w.org\/{rel}","templated":true}]}}